{"id":6079,"date":"2024-12-03T15:45:38","date_gmt":"2024-12-03T15:45:38","guid":{"rendered":"https:\/\/biaservicedapartments.com\/termos-e-condicoes-de-pagamentos\/"},"modified":"2026-01-11T21:50:58","modified_gmt":"2026-01-11T21:50:58","slug":"termos-e-condicoes-de-pagamentos","status":"publish","type":"page","link":"https:\/\/biaservicedapartments.com\/pt-pt\/termos-e-condicoes-de-pagamentos\/","title":{"rendered":"Termos e Condi\u00e7\u00f5es de Pagamentos"},"content":{"rendered":"\t\t<div data-elementor-type=\"wp-page\" data-elementor-id=\"6079\" class=\"elementor elementor-6079 elementor-14\">\n\t\t\t\t\t\t<section class=\"elementor-section elementor-top-section elementor-element elementor-element-7cf7dd26 elementor-section-height-min-height cs-section-content-fullwidth cs-parallax-on-scroll cs_scroll_y_80 elementor-section-boxed elementor-section-height-default elementor-section-items-middle\" data-id=\"7cf7dd26\" data-element_type=\"section\" data-settings=\"{&quot;background_background&quot;:&quot;classic&quot;}\" data-cs-parallax-y=\"80\" style=\"background-image: none;\" data-cs-background-image=\"https:\/\/linkcriativo.com.pt\/webdevelop\/bia-apartments\/wp-content\/uploads\/2024\/12\/BIAservicedApts-scaled.jpg\">\n\t\t\t\t\t\t\t<div class=\"elementor-background-overlay\"><\/div>\n\t\t\t\t\t\t\t<div class=\"elementor-container elementor-column-gap-no\">\n\t\t\t\t\t<div class=\"elementor-column elementor-col-100 elementor-top-column elementor-element elementor-element-250b940a dark-color\" data-id=\"250b940a\" data-element_type=\"column\">\n\t\t\t<div class=\"elementor-widget-wrap elementor-element-populated\">\n\t\t\t\t\t\t<div class=\"elementor-element elementor-element-41b4fcab elementor-widget elementor-widget-cs_title\" data-id=\"41b4fcab\" data-element_type=\"widget\" data-widget_type=\"cs_title.default\">\n\t\t\t\t<div class=\"elementor-widget-container\">\n\t\t\t\n        <div class=\"cs-title-wrap text-center\">\t            <h1 class=\"cs-title\">\n\t                TERMOS &amp; CONDI\u00c7\u00d5ES DE PAGAMENTOS\t            <\/h1>\t            <div class=\"cs-title-text\">\n\t                <p>Para reservas ou d\u00favidas, fale connosco.<\/p>\n\t            <\/div>        <\/div>\t\t<\/div>\n\t\t\t\t<\/div>\n\t\t\t\t\t<\/div>\n\t\t<\/div>\n\t\t\t\t\t<\/div>\n\t\t<\/section>\n\t\t<div class=\"elementor-element elementor-element-376b0382 e-flex e-con-boxed e-con e-parent\" data-id=\"376b0382\" data-element_type=\"container\">\n\t\t\t\t\t<div class=\"e-con-inner\">\n\t\t\t\t<div class=\"elementor-element elementor-element-2e74f1d8 elementor-widget elementor-widget-text-editor\" data-id=\"2e74f1d8\" data-element_type=\"widget\" data-widget_type=\"text-editor.default\">\n\t\t\t\t<div class=\"elementor-widget-container\">\n\t\t\t\t\t\t\t\n<h2 class=\"wp-block-heading\">Condi\u00e7\u00f5es<\/h2>\n\n<p>Apartamentos para n\u00e3o fumadores. N\u00e3o s\u00e3o permitidos animais de estima\u00e7\u00e3o. <\/p>\n\n<h2>Termos de Cancelamentos e Pagamentos<\/h2>\n\n<p><strong>Pagamento no Check-In<\/strong><\/p>\n<p>O pagamento \u00e9 devido no momento do check-in, seja em dinheiro (Escudos Cabo-verdianos ou Euros) ou com cart\u00e3o (Visa, Mastercard ou RedeVinti4). Durante a \u00e9poca alta, ap\u00f3s a sua reserva, voc\u00ea receber\u00e1 uma notifica\u00e7\u00e3o para o pagamento antecipado de 30% do valor total da estadia. Este pagamento \u00e9 totalmente reembols\u00e1vel caso cancele a reserva 7 ou mais dias antes da sua chegada. Caso cancele a reserva 6 ou menos dias antes da chegada ou n\u00e3o compare\u00e7a no dia do check-in, o dep\u00f3sito n\u00e3o ser\u00e1 reembolsado.   <\/p>\n\t\t\t\t\t\t<\/div>\n\t\t\t\t<\/div>\n\t\t\t\t<div class=\"elementor-element elementor-element-814b586 elementor-widget elementor-widget-text-editor\" data-id=\"814b586\" data-element_type=\"widget\" data-widget_type=\"text-editor.default\">\n\t\t\t\t<div class=\"elementor-widget-container\">\n\t\t\t\t\t\t\t<p><\/p>\n<h2>Taxa tur\u00edstica<\/h2>\n<p><\/p>\n<p>Informamos que ser\u00e1 cobrada uma taxa tur\u00edstica de \u20ac 2,50 (equivalente a 276,00$ CVE), conforme estabelecido pelo governo cabo-verdiano e aplicada por pessoa, por noite de estadia. Este valor \u00e9 definido pelo governo e pode estar sujeito a altera\u00e7\u00f5es sem aviso pr\u00e9vio. A taxa destina-se a apoiar os esfor\u00e7os de sustentabilidade e conserva\u00e7\u00e3o e deve ser paga por todos os turistas com 16 anos ou mais.  <\/p>\n<p><\/p>\t\t\t\t\t\t<\/div>\n\t\t\t\t<\/div>\n\t\t\t\t\t<\/div>\n\t\t\t\t<\/div>\n\t\t\t\t<\/div>\n\t\t","protected":false},"excerpt":{"rendered":"<p>TERMOS &amp; CONDI\u00c7\u00d5ES DE PAGAMENTOS Para reservas ou d\u00favidas, fale connosco. Condi\u00e7\u00f5es Apartamentos para n\u00e3o fumadores. N\u00e3o s\u00e3o permitidos animais de estima\u00e7\u00e3o. Termos de Cancelamentos e Pagamentos Pagamento no Check-In O pagamento \u00e9 devido no momento do check-in, seja em dinheiro (Escudos Cabo-verdianos ou Euros) ou com cart\u00e3o (Visa, Mastercard ou RedeVinti4). Durante a \u00e9poca &#8230;<\/p>\n","protected":false},"author":1,"featured_media":0,"parent":0,"menu_order":0,"comment_status":"closed","ping_status":"closed","template":"template-wide-content.php","meta":{"cozystay_single_page_hide_site_header":"","cozystay_single_page_site_header_source":"","cozystay_single_page_custom_site_header":"0","cozystay_single_page_custom_sticky_site_header":"0","cozystay_single_page_hide_page_title":"","cozystay_single_page_header_section_size":"","cozystay_single_page_header_background_color":"","cozystay_single_page_header_background_position_x":"center","cozystay_single_page_header_background_position_y":"center","cozystay_single_page_header_background_size":"cover","cozystay_single_page_header_background_repeat":"off","cozystay_single_page_header_background_scroll":"on","cozystay_single_page_header_text_color":"","cozystay_single_page_header_show_breadcrumb":"","cozystay_single_page_site_footer_hide_main":"","cozystay_single_custom_site_footer_main_source":"","cozystay_single_custom_site_footer_main":"0","cozystay_single_page_site_footer_hide_above":"","cozystay_single_custom_site_footer_above_source":"","cozystay_single_custom_site_footer_above":"0","cozystay_single_page_site_footer_hide_instagram":"","cozystay_single_page_site_footer_hide_bottom":"","cozystay_single_custom_mobile_menu_source":"","cozystay_single_custom_mobile_menu":"0","cozystay_single_custom_mobile_menu_animation":"","cozystay_single_custom_mobile_menu_width":"","cozystay_single_custom_mobile_menu_custom_width":375,"footnotes":""},"class_list":["post-6079","page","type-page","status-publish","hentry"],"yoast_head":"<!-- This site is optimized with the Yoast SEO plugin v24.0 - https:\/\/yoast.com\/wordpress\/plugins\/seo\/ -->\n<title>Termos e Condi\u00e7\u00f5es de Pagamentos - BIA Serviced Apartments - Praia de Santa Maria, Cabo Verde<\/title>\n<meta name=\"robots\" content=\"index, follow, max-snippet:-1, max-image-preview:large, max-video-preview:-1\" \/>\n<link rel=\"canonical\" href=\"https:\/\/biaservicedapartments.com\/pt-pt\/termos-e-condicoes-de-pagamentos\/\" \/>\n<meta property=\"og:locale\" content=\"pt_PT\" \/>\n<meta property=\"og:type\" content=\"article\" \/>\n<meta property=\"og:title\" content=\"Termos e Condi\u00e7\u00f5es de Pagamentos - BIA Serviced Apartments - Praia de Santa Maria, Cabo Verde\" \/>\n<meta property=\"og:description\" content=\"TERMOS &amp; CONDI\u00c7\u00d5ES DE PAGAMENTOS Para reservas ou d\u00favidas, fale connosco. Condi\u00e7\u00f5es Apartamentos para n\u00e3o fumadores. N\u00e3o s\u00e3o permitidos animais de estima\u00e7\u00e3o. Termos de Cancelamentos e Pagamentos Pagamento no Check-In O pagamento \u00e9 devido no momento do check-in, seja em dinheiro (Escudos Cabo-verdianos ou Euros) ou com cart\u00e3o (Visa, Mastercard ou RedeVinti4). Durante a \u00e9poca ...\" \/>\n<meta property=\"og:url\" content=\"https:\/\/biaservicedapartments.com\/pt-pt\/termos-e-condicoes-de-pagamentos\/\" \/>\n<meta property=\"og:site_name\" content=\"BIA Serviced Apartments - Praia de Santa Maria, Cabo Verde\" \/>\n<meta property=\"article:modified_time\" content=\"2026-01-11T21:50:58+00:00\" \/>\n<meta name=\"twitter:card\" content=\"summary_large_image\" \/>\n<meta name=\"twitter:label1\" content=\"Tempo estimado de leitura\" \/>\n\t<meta name=\"twitter:data1\" content=\"1 minuto\" \/>\n<script type=\"application\/ld+json\" class=\"yoast-schema-graph\">{\"@context\":\"https:\/\/schema.org\",\"@graph\":[{\"@type\":\"WebPage\",\"@id\":\"https:\/\/biaservicedapartments.com\/pt-pt\/termos-e-condicoes-de-pagamentos\/\",\"url\":\"https:\/\/biaservicedapartments.com\/pt-pt\/termos-e-condicoes-de-pagamentos\/\",\"name\":\"Termos e Condi\u00e7\u00f5es de Pagamentos - BIA Serviced Apartments - Praia de Santa Maria, Cabo Verde\",\"isPartOf\":{\"@id\":\"https:\/\/biaservicedapartments.com\/pt-pt\/#website\"},\"datePublished\":\"2024-12-03T15:45:38+00:00\",\"dateModified\":\"2026-01-11T21:50:58+00:00\",\"breadcrumb\":{\"@id\":\"https:\/\/biaservicedapartments.com\/pt-pt\/termos-e-condicoes-de-pagamentos\/#breadcrumb\"},\"inLanguage\":\"pt-PT\",\"potentialAction\":[{\"@type\":\"ReadAction\",\"target\":[\"https:\/\/biaservicedapartments.com\/pt-pt\/termos-e-condicoes-de-pagamentos\/\"]}]},{\"@type\":\"BreadcrumbList\",\"@id\":\"https:\/\/biaservicedapartments.com\/pt-pt\/termos-e-condicoes-de-pagamentos\/#breadcrumb\",\"itemListElement\":[{\"@type\":\"ListItem\",\"position\":1,\"name\":\"Home\",\"item\":\"https:\/\/biaservicedapartments.com\/pt-pt\/\"},{\"@type\":\"ListItem\",\"position\":2,\"name\":\"Termos e Condi\u00e7\u00f5es de Pagamentos\"}]},{\"@type\":\"WebSite\",\"@id\":\"https:\/\/biaservicedapartments.com\/pt-pt\/#website\",\"url\":\"https:\/\/biaservicedapartments.com\/pt-pt\/\",\"name\":\"BIA Serviced Apartments - Praia de Santa Maria, Cabo Verde\",\"description\":\"BIA Serviced Apartments, has 18 exclusive apartments in Santa Maria, Sal Island \u2013 perfect for those looking for comfort, privacy and proximity to the best beaches in Cabo Verde.\",\"publisher\":{\"@id\":\"https:\/\/biaservicedapartments.com\/pt-pt\/#organization\"},\"potentialAction\":[{\"@type\":\"SearchAction\",\"target\":{\"@type\":\"EntryPoint\",\"urlTemplate\":\"https:\/\/biaservicedapartments.com\/pt-pt\/?s={search_term_string}\"},\"query-input\":{\"@type\":\"PropertyValueSpecification\",\"valueRequired\":true,\"valueName\":\"search_term_string\"}}],\"inLanguage\":\"pt-PT\"},{\"@type\":\"Organization\",\"@id\":\"https:\/\/biaservicedapartments.com\/pt-pt\/#organization\",\"name\":\"BIA Serviced Apartments - Praia de Santa Maria, Cabo Verde\",\"url\":\"https:\/\/biaservicedapartments.com\/pt-pt\/\",\"logo\":{\"@type\":\"ImageObject\",\"inLanguage\":\"pt-PT\",\"@id\":\"https:\/\/biaservicedapartments.com\/pt-pt\/#\/schema\/logo\/image\/\",\"url\":\"https:\/\/biaservicedapartments.com\/wp-content\/uploads\/2024\/08\/bia-partments-logo1w.png\",\"contentUrl\":\"https:\/\/biaservicedapartments.com\/wp-content\/uploads\/2024\/08\/bia-partments-logo1w.png\",\"width\":251,\"height\":150,\"caption\":\"BIA Serviced Apartments - Praia de Santa Maria, Cabo Verde\"},\"image\":{\"@id\":\"https:\/\/biaservicedapartments.com\/pt-pt\/#\/schema\/logo\/image\/\"}}]}<\/script>\n<!-- \/ Yoast SEO plugin. -->","yoast_head_json":{"title":"Termos e Condi\u00e7\u00f5es de Pagamentos - BIA Serviced Apartments - Praia de Santa Maria, Cabo Verde","robots":{"index":"index","follow":"follow","max-snippet":"max-snippet:-1","max-image-preview":"max-image-preview:large","max-video-preview":"max-video-preview:-1"},"canonical":"https:\/\/biaservicedapartments.com\/pt-pt\/termos-e-condicoes-de-pagamentos\/","og_locale":"pt_PT","og_type":"article","og_title":"Termos e Condi\u00e7\u00f5es de Pagamentos - BIA Serviced Apartments - Praia de Santa Maria, Cabo Verde","og_description":"TERMOS &amp; CONDI\u00c7\u00d5ES DE PAGAMENTOS Para reservas ou d\u00favidas, fale connosco. Condi\u00e7\u00f5es Apartamentos para n\u00e3o fumadores. N\u00e3o s\u00e3o permitidos animais de estima\u00e7\u00e3o. Termos de Cancelamentos e Pagamentos Pagamento no Check-In O pagamento \u00e9 devido no momento do check-in, seja em dinheiro (Escudos Cabo-verdianos ou Euros) ou com cart\u00e3o (Visa, Mastercard ou RedeVinti4). Durante a \u00e9poca ...","og_url":"https:\/\/biaservicedapartments.com\/pt-pt\/termos-e-condicoes-de-pagamentos\/","og_site_name":"BIA Serviced Apartments - Praia de Santa Maria, Cabo Verde","article_modified_time":"2026-01-11T21:50:58+00:00","twitter_card":"summary_large_image","twitter_misc":{"Tempo estimado de leitura":"1 minuto"},"schema":{"@context":"https:\/\/schema.org","@graph":[{"@type":"WebPage","@id":"https:\/\/biaservicedapartments.com\/pt-pt\/termos-e-condicoes-de-pagamentos\/","url":"https:\/\/biaservicedapartments.com\/pt-pt\/termos-e-condicoes-de-pagamentos\/","name":"Termos e Condi\u00e7\u00f5es de Pagamentos - BIA Serviced Apartments - Praia de Santa Maria, Cabo Verde","isPartOf":{"@id":"https:\/\/biaservicedapartments.com\/pt-pt\/#website"},"datePublished":"2024-12-03T15:45:38+00:00","dateModified":"2026-01-11T21:50:58+00:00","breadcrumb":{"@id":"https:\/\/biaservicedapartments.com\/pt-pt\/termos-e-condicoes-de-pagamentos\/#breadcrumb"},"inLanguage":"pt-PT","potentialAction":[{"@type":"ReadAction","target":["https:\/\/biaservicedapartments.com\/pt-pt\/termos-e-condicoes-de-pagamentos\/"]}]},{"@type":"BreadcrumbList","@id":"https:\/\/biaservicedapartments.com\/pt-pt\/termos-e-condicoes-de-pagamentos\/#breadcrumb","itemListElement":[{"@type":"ListItem","position":1,"name":"Home","item":"https:\/\/biaservicedapartments.com\/pt-pt\/"},{"@type":"ListItem","position":2,"name":"Termos e Condi\u00e7\u00f5es de Pagamentos"}]},{"@type":"WebSite","@id":"https:\/\/biaservicedapartments.com\/pt-pt\/#website","url":"https:\/\/biaservicedapartments.com\/pt-pt\/","name":"BIA Serviced Apartments - Praia de Santa Maria, Cabo Verde","description":"BIA Serviced Apartments, has 18 exclusive apartments in Santa Maria, Sal Island \u2013 perfect for those looking for comfort, privacy and proximity to the best beaches in Cabo Verde.","publisher":{"@id":"https:\/\/biaservicedapartments.com\/pt-pt\/#organization"},"potentialAction":[{"@type":"SearchAction","target":{"@type":"EntryPoint","urlTemplate":"https:\/\/biaservicedapartments.com\/pt-pt\/?s={search_term_string}"},"query-input":{"@type":"PropertyValueSpecification","valueRequired":true,"valueName":"search_term_string"}}],"inLanguage":"pt-PT"},{"@type":"Organization","@id":"https:\/\/biaservicedapartments.com\/pt-pt\/#organization","name":"BIA Serviced Apartments - Praia de Santa Maria, Cabo Verde","url":"https:\/\/biaservicedapartments.com\/pt-pt\/","logo":{"@type":"ImageObject","inLanguage":"pt-PT","@id":"https:\/\/biaservicedapartments.com\/pt-pt\/#\/schema\/logo\/image\/","url":"https:\/\/biaservicedapartments.com\/wp-content\/uploads\/2024\/08\/bia-partments-logo1w.png","contentUrl":"https:\/\/biaservicedapartments.com\/wp-content\/uploads\/2024\/08\/bia-partments-logo1w.png","width":251,"height":150,"caption":"BIA Serviced Apartments - Praia de Santa Maria, Cabo Verde"},"image":{"@id":"https:\/\/biaservicedapartments.com\/pt-pt\/#\/schema\/logo\/image\/"}}]}},"_links":{"self":[{"href":"https:\/\/biaservicedapartments.com\/pt-pt\/wp-json\/wp\/v2\/pages\/6079","targetHints":{"allow":["GET"]}}],"collection":[{"href":"https:\/\/biaservicedapartments.com\/pt-pt\/wp-json\/wp\/v2\/pages"}],"about":[{"href":"https:\/\/biaservicedapartments.com\/pt-pt\/wp-json\/wp\/v2\/types\/page"}],"author":[{"embeddable":true,"href":"https:\/\/biaservicedapartments.com\/pt-pt\/wp-json\/wp\/v2\/users\/1"}],"replies":[{"embeddable":true,"href":"https:\/\/biaservicedapartments.com\/pt-pt\/wp-json\/wp\/v2\/comments?post=6079"}],"version-history":[{"count":7,"href":"https:\/\/biaservicedapartments.com\/pt-pt\/wp-json\/wp\/v2\/pages\/6079\/revisions"}],"predecessor-version":[{"id":6425,"href":"https:\/\/biaservicedapartments.com\/pt-pt\/wp-json\/wp\/v2\/pages\/6079\/revisions\/6425"}],"wp:attachment":[{"href":"https:\/\/biaservicedapartments.com\/pt-pt\/wp-json\/wp\/v2\/media?parent=6079"}],"curies":[{"name":"wp","href":"https:\/\/api.w.org\/{rel}","templated":true}]}}