{"id":6426,"date":"2024-12-03T15:45:38","date_gmt":"2024-12-03T15:45:38","guid":{"rendered":"https:\/\/biaservicedapartments.com\/termini-e-condizioni-di-pagamento\/"},"modified":"2026-01-11T21:51:27","modified_gmt":"2026-01-11T21:51:27","slug":"termini-e-condizioni-di-pagamento","status":"publish","type":"page","link":"https:\/\/biaservicedapartments.com\/it\/termini-e-condizioni-di-pagamento\/","title":{"rendered":"Termini e condizioni di pagamento"},"content":{"rendered":"\t\t<div data-elementor-type=\"wp-page\" data-elementor-id=\"6426\" class=\"elementor elementor-6426 elementor-14\">\n\t\t\t\t\t\t<section class=\"elementor-section elementor-top-section elementor-element elementor-element-7cf7dd26 elementor-section-height-min-height cs-section-content-fullwidth cs-parallax-on-scroll cs_scroll_y_80 elementor-section-boxed elementor-section-height-default elementor-section-items-middle\" data-id=\"7cf7dd26\" data-element_type=\"section\" data-settings=\"{&quot;background_background&quot;:&quot;classic&quot;}\" data-cs-parallax-y=\"80\" style=\"background-image: none;\" data-cs-background-image=\"https:\/\/linkcriativo.com.pt\/webdevelop\/bia-apartments\/wp-content\/uploads\/2024\/12\/BIAservicedApts-scaled.jpg\">\n\t\t\t\t\t\t\t<div class=\"elementor-background-overlay\"><\/div>\n\t\t\t\t\t\t\t<div class=\"elementor-container elementor-column-gap-no\">\n\t\t\t\t\t<div class=\"elementor-column elementor-col-100 elementor-top-column elementor-element elementor-element-250b940a dark-color\" data-id=\"250b940a\" data-element_type=\"column\">\n\t\t\t<div class=\"elementor-widget-wrap elementor-element-populated\">\n\t\t\t\t\t\t<div class=\"elementor-element elementor-element-41b4fcab elementor-widget elementor-widget-cs_title\" data-id=\"41b4fcab\" data-element_type=\"widget\" data-widget_type=\"cs_title.default\">\n\t\t\t\t<div class=\"elementor-widget-container\">\n\t\t\t\n        <div class=\"cs-title-wrap text-center\">\t            <h1 class=\"cs-title\">\n\t                TERMINI E CONDIZIONI DI PAGAMENTO\t            <\/h1>\t            <div class=\"cs-title-text\">\n\t                <p>Per prenotazioni e richieste di informazioni, chiamaci o scrivici.<\/p>\n\t            <\/div>        <\/div>\t\t<\/div>\n\t\t\t\t<\/div>\n\t\t\t\t\t<\/div>\n\t\t<\/div>\n\t\t\t\t\t<\/div>\n\t\t<\/section>\n\t\t<div class=\"elementor-element elementor-element-376b0382 e-flex e-con-boxed e-con e-parent\" data-id=\"376b0382\" data-element_type=\"container\">\n\t\t\t\t\t<div class=\"e-con-inner\">\n\t\t\t\t<div class=\"elementor-element elementor-element-2e74f1d8 elementor-widget elementor-widget-text-editor\" data-id=\"2e74f1d8\" data-element_type=\"widget\" data-widget_type=\"text-editor.default\">\n\t\t\t\t<div class=\"elementor-widget-container\">\n\t\t\t\t\t\t\t\n<h2 class=\"wp-block-heading\">Condizioni<\/h2>\n\n<p>Appartamenti per non fumatori. Non sono ammessi animali domestici.<\/p>\n\n<h2>Cancellazioni e termini di pagamento<\/h2>\n\n<p><strong>Pagamento al check-in<\/strong><\/p>\n<p>Il pagamento deve essere effettuato al momento del check-in, in contanti (Escudos di Capo Verde o Euro) o con carta (Visa, Mastercard o RedeVinti4). In alta stagione, al momento della prenotazione, riceverai una notifica per il pagamento anticipato del 30% del totale del soggiorno. Questo pagamento \u00e8 completamente rimborsabile se la cancellazione avviene almeno 7 giorni prima dell&#8217;arrivo. Se cancelli 6 o meno giorni prima dell&#8217;arrivo o non ti presenti il giorno del check-in, il deposito non \u00e8 rimborsabile.<\/p>\n\t\t\t\t\t\t<\/div>\n\t\t\t\t<\/div>\n\t\t\t\t<div class=\"elementor-element elementor-element-814b586 elementor-widget elementor-widget-text-editor\" data-id=\"814b586\" data-element_type=\"widget\" data-widget_type=\"text-editor.default\">\n\t\t\t\t<div class=\"elementor-widget-container\">\n\t\t\t\t\t\t\t<p><\/p>\n<h2>Tassa di soggiorno<\/h2>\n<p><\/p>\n<p>Ti informiamo che verr\u00e0 addebitata una tassa di soggiorno di 2,50\u20ac (equivalente a 276,00$ CVE), stabilita dal governo di Capo Verde e applicata a persona, per notte di soggiorno. Questo importo \u00e8 stabilito dal governo e pu\u00f2 essere soggetto a modifiche senza preavviso. La tassa \u00e8 destinata a sostenere gli sforzi di sostenibilit\u00e0 e conservazione e deve essere pagata da tutti i turisti a partire dai 16 anni.<\/p>\n<p><\/p>\t\t\t\t\t\t<\/div>\n\t\t\t\t<\/div>\n\t\t\t\t\t<\/div>\n\t\t\t\t<\/div>\n\t\t\t\t<\/div>\n\t\t","protected":false},"excerpt":{"rendered":"<p>TERMINI E CONDIZIONI DI PAGAMENTO Per prenotazioni e richieste di informazioni, chiamaci o scrivici. Condizioni Appartamenti per non fumatori. Non sono ammessi animali domestici. Cancellazioni e termini di pagamento Pagamento al check-in Il pagamento deve essere effettuato al momento del check-in, in contanti (Escudos di Capo Verde o Euro) o con carta (Visa, Mastercard o &#8230;<\/p>\n","protected":false},"author":1,"featured_media":0,"parent":0,"menu_order":0,"comment_status":"closed","ping_status":"closed","template":"template-wide-content.php","meta":{"cozystay_single_page_hide_site_header":"","cozystay_single_page_site_header_source":"","cozystay_single_page_custom_site_header":"0","cozystay_single_page_custom_sticky_site_header":"0","cozystay_single_page_hide_page_title":"","cozystay_single_page_header_section_size":"","cozystay_single_page_header_background_color":"","cozystay_single_page_header_background_position_x":"center","cozystay_single_page_header_background_position_y":"center","cozystay_single_page_header_background_size":"cover","cozystay_single_page_header_background_repeat":"off","cozystay_single_page_header_background_scroll":"on","cozystay_single_page_header_text_color":"","cozystay_single_page_header_show_breadcrumb":"","cozystay_single_page_site_footer_hide_main":"","cozystay_single_custom_site_footer_main_source":"","cozystay_single_custom_site_footer_main":"0","cozystay_single_page_site_footer_hide_above":"","cozystay_single_custom_site_footer_above_source":"","cozystay_single_custom_site_footer_above":"0","cozystay_single_page_site_footer_hide_instagram":"","cozystay_single_page_site_footer_hide_bottom":"","cozystay_single_custom_mobile_menu_source":"","cozystay_single_custom_mobile_menu":"0","cozystay_single_custom_mobile_menu_animation":"","cozystay_single_custom_mobile_menu_width":"","cozystay_single_custom_mobile_menu_custom_width":375,"footnotes":""},"class_list":["post-6426","page","type-page","status-publish","hentry"],"yoast_head":"<!-- This site is optimized with the Yoast SEO plugin v24.0 - https:\/\/yoast.com\/wordpress\/plugins\/seo\/ -->\n<title>Termini e condizioni di pagamento - BIA Serviced Apartments - Praia de Santa Maria, Cabo Verde<\/title>\n<meta name=\"robots\" content=\"index, follow, max-snippet:-1, max-image-preview:large, max-video-preview:-1\" \/>\n<link rel=\"canonical\" href=\"https:\/\/biaservicedapartments.com\/it\/termini-e-condizioni-di-pagamento\/\" \/>\n<meta property=\"og:locale\" content=\"it_IT\" \/>\n<meta property=\"og:type\" content=\"article\" \/>\n<meta property=\"og:title\" content=\"Termini e condizioni di pagamento - BIA Serviced Apartments - Praia de Santa Maria, Cabo Verde\" \/>\n<meta property=\"og:description\" content=\"TERMINI E CONDIZIONI DI PAGAMENTO Per prenotazioni e richieste di informazioni, chiamaci o scrivici. Condizioni Appartamenti per non fumatori. Non sono ammessi animali domestici. Cancellazioni e termini di pagamento Pagamento al check-in Il pagamento deve essere effettuato al momento del check-in, in contanti (Escudos di Capo Verde o Euro) o con carta (Visa, Mastercard o ...\" \/>\n<meta property=\"og:url\" content=\"https:\/\/biaservicedapartments.com\/it\/termini-e-condizioni-di-pagamento\/\" \/>\n<meta property=\"og:site_name\" content=\"BIA Serviced Apartments - Praia de Santa Maria, Cabo Verde\" \/>\n<meta property=\"article:modified_time\" content=\"2026-01-11T21:51:27+00:00\" \/>\n<meta name=\"twitter:card\" content=\"summary_large_image\" \/>\n<meta name=\"twitter:label1\" content=\"Tempo di lettura stimato\" \/>\n\t<meta name=\"twitter:data1\" content=\"1 minuto\" \/>\n<script type=\"application\/ld+json\" class=\"yoast-schema-graph\">{\"@context\":\"https:\/\/schema.org\",\"@graph\":[{\"@type\":\"WebPage\",\"@id\":\"https:\/\/biaservicedapartments.com\/it\/termini-e-condizioni-di-pagamento\/\",\"url\":\"https:\/\/biaservicedapartments.com\/it\/termini-e-condizioni-di-pagamento\/\",\"name\":\"Termini e condizioni di pagamento - BIA Serviced Apartments - Praia de Santa Maria, Cabo Verde\",\"isPartOf\":{\"@id\":\"https:\/\/biaservicedapartments.com\/it\/#website\"},\"datePublished\":\"2024-12-03T15:45:38+00:00\",\"dateModified\":\"2026-01-11T21:51:27+00:00\",\"breadcrumb\":{\"@id\":\"https:\/\/biaservicedapartments.com\/it\/termini-e-condizioni-di-pagamento\/#breadcrumb\"},\"inLanguage\":\"it-IT\",\"potentialAction\":[{\"@type\":\"ReadAction\",\"target\":[\"https:\/\/biaservicedapartments.com\/it\/termini-e-condizioni-di-pagamento\/\"]}]},{\"@type\":\"BreadcrumbList\",\"@id\":\"https:\/\/biaservicedapartments.com\/it\/termini-e-condizioni-di-pagamento\/#breadcrumb\",\"itemListElement\":[{\"@type\":\"ListItem\",\"position\":1,\"name\":\"Home\",\"item\":\"https:\/\/biaservicedapartments.com\/it\/home\/\"},{\"@type\":\"ListItem\",\"position\":2,\"name\":\"Termini e condizioni di pagamento\"}]},{\"@type\":\"WebSite\",\"@id\":\"https:\/\/biaservicedapartments.com\/it\/#website\",\"url\":\"https:\/\/biaservicedapartments.com\/it\/\",\"name\":\"BIA Serviced Apartments - Praia de Santa Maria, Cabo Verde\",\"description\":\"BIA Serviced Apartments, has 18 exclusive apartments in Santa Maria, Sal Island \u2013 perfect for those looking for comfort, privacy and proximity to the best beaches in Cabo Verde.\",\"publisher\":{\"@id\":\"https:\/\/biaservicedapartments.com\/it\/#organization\"},\"potentialAction\":[{\"@type\":\"SearchAction\",\"target\":{\"@type\":\"EntryPoint\",\"urlTemplate\":\"https:\/\/biaservicedapartments.com\/it\/?s={search_term_string}\"},\"query-input\":{\"@type\":\"PropertyValueSpecification\",\"valueRequired\":true,\"valueName\":\"search_term_string\"}}],\"inLanguage\":\"it-IT\"},{\"@type\":\"Organization\",\"@id\":\"https:\/\/biaservicedapartments.com\/it\/#organization\",\"name\":\"BIA Serviced Apartments - Praia de Santa Maria, Cabo Verde\",\"url\":\"https:\/\/biaservicedapartments.com\/it\/\",\"logo\":{\"@type\":\"ImageObject\",\"inLanguage\":\"it-IT\",\"@id\":\"https:\/\/biaservicedapartments.com\/it\/#\/schema\/logo\/image\/\",\"url\":\"https:\/\/biaservicedapartments.com\/wp-content\/uploads\/2024\/08\/bia-partments-logo1w.png\",\"contentUrl\":\"https:\/\/biaservicedapartments.com\/wp-content\/uploads\/2024\/08\/bia-partments-logo1w.png\",\"width\":251,\"height\":150,\"caption\":\"BIA Serviced Apartments - Praia de Santa Maria, Cabo Verde\"},\"image\":{\"@id\":\"https:\/\/biaservicedapartments.com\/it\/#\/schema\/logo\/image\/\"}}]}<\/script>\n<!-- \/ Yoast SEO plugin. -->","yoast_head_json":{"title":"Termini e condizioni di pagamento - BIA Serviced Apartments - Praia de Santa Maria, Cabo Verde","robots":{"index":"index","follow":"follow","max-snippet":"max-snippet:-1","max-image-preview":"max-image-preview:large","max-video-preview":"max-video-preview:-1"},"canonical":"https:\/\/biaservicedapartments.com\/it\/termini-e-condizioni-di-pagamento\/","og_locale":"it_IT","og_type":"article","og_title":"Termini e condizioni di pagamento - BIA Serviced Apartments - Praia de Santa Maria, Cabo Verde","og_description":"TERMINI E CONDIZIONI DI PAGAMENTO Per prenotazioni e richieste di informazioni, chiamaci o scrivici. Condizioni Appartamenti per non fumatori. Non sono ammessi animali domestici. Cancellazioni e termini di pagamento Pagamento al check-in Il pagamento deve essere effettuato al momento del check-in, in contanti (Escudos di Capo Verde o Euro) o con carta (Visa, Mastercard o ...","og_url":"https:\/\/biaservicedapartments.com\/it\/termini-e-condizioni-di-pagamento\/","og_site_name":"BIA Serviced Apartments - Praia de Santa Maria, Cabo Verde","article_modified_time":"2026-01-11T21:51:27+00:00","twitter_card":"summary_large_image","twitter_misc":{"Tempo di lettura stimato":"1 minuto"},"schema":{"@context":"https:\/\/schema.org","@graph":[{"@type":"WebPage","@id":"https:\/\/biaservicedapartments.com\/it\/termini-e-condizioni-di-pagamento\/","url":"https:\/\/biaservicedapartments.com\/it\/termini-e-condizioni-di-pagamento\/","name":"Termini e condizioni di pagamento - BIA Serviced Apartments - Praia de Santa Maria, Cabo Verde","isPartOf":{"@id":"https:\/\/biaservicedapartments.com\/it\/#website"},"datePublished":"2024-12-03T15:45:38+00:00","dateModified":"2026-01-11T21:51:27+00:00","breadcrumb":{"@id":"https:\/\/biaservicedapartments.com\/it\/termini-e-condizioni-di-pagamento\/#breadcrumb"},"inLanguage":"it-IT","potentialAction":[{"@type":"ReadAction","target":["https:\/\/biaservicedapartments.com\/it\/termini-e-condizioni-di-pagamento\/"]}]},{"@type":"BreadcrumbList","@id":"https:\/\/biaservicedapartments.com\/it\/termini-e-condizioni-di-pagamento\/#breadcrumb","itemListElement":[{"@type":"ListItem","position":1,"name":"Home","item":"https:\/\/biaservicedapartments.com\/it\/home\/"},{"@type":"ListItem","position":2,"name":"Termini e condizioni di pagamento"}]},{"@type":"WebSite","@id":"https:\/\/biaservicedapartments.com\/it\/#website","url":"https:\/\/biaservicedapartments.com\/it\/","name":"BIA Serviced Apartments - Praia de Santa Maria, Cabo Verde","description":"BIA Serviced Apartments, has 18 exclusive apartments in Santa Maria, Sal Island \u2013 perfect for those looking for comfort, privacy and proximity to the best beaches in Cabo Verde.","publisher":{"@id":"https:\/\/biaservicedapartments.com\/it\/#organization"},"potentialAction":[{"@type":"SearchAction","target":{"@type":"EntryPoint","urlTemplate":"https:\/\/biaservicedapartments.com\/it\/?s={search_term_string}"},"query-input":{"@type":"PropertyValueSpecification","valueRequired":true,"valueName":"search_term_string"}}],"inLanguage":"it-IT"},{"@type":"Organization","@id":"https:\/\/biaservicedapartments.com\/it\/#organization","name":"BIA Serviced Apartments - Praia de Santa Maria, Cabo Verde","url":"https:\/\/biaservicedapartments.com\/it\/","logo":{"@type":"ImageObject","inLanguage":"it-IT","@id":"https:\/\/biaservicedapartments.com\/it\/#\/schema\/logo\/image\/","url":"https:\/\/biaservicedapartments.com\/wp-content\/uploads\/2024\/08\/bia-partments-logo1w.png","contentUrl":"https:\/\/biaservicedapartments.com\/wp-content\/uploads\/2024\/08\/bia-partments-logo1w.png","width":251,"height":150,"caption":"BIA Serviced Apartments - Praia de Santa Maria, Cabo Verde"},"image":{"@id":"https:\/\/biaservicedapartments.com\/it\/#\/schema\/logo\/image\/"}}]}},"_links":{"self":[{"href":"https:\/\/biaservicedapartments.com\/it\/wp-json\/wp\/v2\/pages\/6426","targetHints":{"allow":["GET"]}}],"collection":[{"href":"https:\/\/biaservicedapartments.com\/it\/wp-json\/wp\/v2\/pages"}],"about":[{"href":"https:\/\/biaservicedapartments.com\/it\/wp-json\/wp\/v2\/types\/page"}],"author":[{"embeddable":true,"href":"https:\/\/biaservicedapartments.com\/it\/wp-json\/wp\/v2\/users\/1"}],"replies":[{"embeddable":true,"href":"https:\/\/biaservicedapartments.com\/it\/wp-json\/wp\/v2\/comments?post=6426"}],"version-history":[{"count":1,"href":"https:\/\/biaservicedapartments.com\/it\/wp-json\/wp\/v2\/pages\/6426\/revisions"}],"predecessor-version":[{"id":6427,"href":"https:\/\/biaservicedapartments.com\/it\/wp-json\/wp\/v2\/pages\/6426\/revisions\/6427"}],"wp:attachment":[{"href":"https:\/\/biaservicedapartments.com\/it\/wp-json\/wp\/v2\/media?parent=6426"}],"curies":[{"name":"wp","href":"https:\/\/api.w.org\/{rel}","templated":true}]}}