{"id":6423,"date":"2024-12-03T15:45:38","date_gmt":"2024-12-03T15:45:38","guid":{"rendered":"https:\/\/biaservicedapartments.com\/condiciones-de-pago\/"},"modified":"2026-01-11T21:49:56","modified_gmt":"2026-01-11T21:49:56","slug":"condiciones-de-pago","status":"publish","type":"page","link":"https:\/\/biaservicedapartments.com\/es\/condiciones-de-pago\/","title":{"rendered":"Condiciones de pago"},"content":{"rendered":"\t\t<div data-elementor-type=\"wp-page\" data-elementor-id=\"6423\" class=\"elementor elementor-6423 elementor-14\">\n\t\t\t\t\t\t<section class=\"elementor-section elementor-top-section elementor-element elementor-element-7cf7dd26 elementor-section-height-min-height cs-section-content-fullwidth cs-parallax-on-scroll cs_scroll_y_80 elementor-section-boxed elementor-section-height-default elementor-section-items-middle\" data-id=\"7cf7dd26\" data-element_type=\"section\" data-settings=\"{&quot;background_background&quot;:&quot;classic&quot;}\" data-cs-parallax-y=\"80\" style=\"background-image: none;\" data-cs-background-image=\"https:\/\/linkcriativo.com.pt\/webdevelop\/bia-apartments\/wp-content\/uploads\/2024\/12\/BIAservicedApts-scaled.jpg\">\n\t\t\t\t\t\t\t<div class=\"elementor-background-overlay\"><\/div>\n\t\t\t\t\t\t\t<div class=\"elementor-container elementor-column-gap-no\">\n\t\t\t\t\t<div class=\"elementor-column elementor-col-100 elementor-top-column elementor-element elementor-element-250b940a dark-color\" data-id=\"250b940a\" data-element_type=\"column\">\n\t\t\t<div class=\"elementor-widget-wrap elementor-element-populated\">\n\t\t\t\t\t\t<div class=\"elementor-element elementor-element-41b4fcab elementor-widget elementor-widget-cs_title\" data-id=\"41b4fcab\" data-element_type=\"widget\" data-widget_type=\"cs_title.default\">\n\t\t\t\t<div class=\"elementor-widget-container\">\n\t\t\t\n        <div class=\"cs-title-wrap text-center\">\t            <h1 class=\"cs-title\">\n\t                CONDICIONES DE PAGO\t            <\/h1>\t            <div class=\"cs-title-text\">\n\t                <p>Para reservas y consultas, ll\u00e1manos o escr\u00edbenos.<\/p>\n\t            <\/div>        <\/div>\t\t<\/div>\n\t\t\t\t<\/div>\n\t\t\t\t\t<\/div>\n\t\t<\/div>\n\t\t\t\t\t<\/div>\n\t\t<\/section>\n\t\t<div class=\"elementor-element elementor-element-376b0382 e-flex e-con-boxed e-con e-parent\" data-id=\"376b0382\" data-element_type=\"container\">\n\t\t\t\t\t<div class=\"e-con-inner\">\n\t\t\t\t<div class=\"elementor-element elementor-element-2e74f1d8 elementor-widget elementor-widget-text-editor\" data-id=\"2e74f1d8\" data-element_type=\"widget\" data-widget_type=\"text-editor.default\">\n\t\t\t\t<div class=\"elementor-widget-container\">\n\t\t\t\t\t\t\t\n<h2 class=\"wp-block-heading\">Condiciones<\/h2>\n\n<p>Apartamentos para no fumadores. No se admiten animales. <\/p>\n\n<h2>Cancelaciones y condiciones de pago<\/h2>\n\n<p><strong>Pago al facturar<\/strong><\/p>\n<p>El pago debe efectuarse en el momento de la entrada, en efectivo (escudos caboverdianos o euros) o con tarjeta (Visa, Mastercard o RedeVinti4). En temporada alta, al hacer la reserva, recibir\u00e1s una notificaci\u00f3n para que realices un pago por adelantado del 30% del total de la estancia. Este pago es totalmente reembolsable si cancelas 7 o m\u00e1s d\u00edas antes de tu llegada. Si cancelas 6 o menos d\u00edas antes de tu llegada o no te presentas el d\u00eda de entrada, el dep\u00f3sito no es reembolsable.   <\/p>\n\t\t\t\t\t\t<\/div>\n\t\t\t\t<\/div>\n\t\t\t\t<div class=\"elementor-element elementor-element-814b586 elementor-widget elementor-widget-text-editor\" data-id=\"814b586\" data-element_type=\"widget\" data-widget_type=\"text-editor.default\">\n\t\t\t\t<div class=\"elementor-widget-container\">\n\t\t\t\t\t\t\t<p><\/p>\n<h2>Impuesto tur\u00edstico<\/h2>\n<p><\/p>\n<p>Te informamos de que se cobrar\u00e1 una Tasa Tur\u00edstica de 2,50 \u20ac (equivalente a 276,00 $ CVE), establecida por el gobierno de Cabo Verde y aplicada por persona, por noche de estancia. Este importe lo establece el gobierno y puede estar sujeto a cambios sin previo aviso. Este impuesto se destina a apoyar los esfuerzos de sostenibilidad y conservaci\u00f3n y deben pagarlo todos los turistas mayores de 16 a\u00f1os.  <\/p>\n<p><\/p>\t\t\t\t\t\t<\/div>\n\t\t\t\t<\/div>\n\t\t\t\t\t<\/div>\n\t\t\t\t<\/div>\n\t\t\t\t<\/div>\n\t\t","protected":false},"excerpt":{"rendered":"<p>CONDICIONES DE PAGO Para reservas y consultas, ll\u00e1manos o escr\u00edbenos. Condiciones Apartamentos para no fumadores. No se admiten animales. Cancelaciones y condiciones de pago Pago al facturar El pago debe efectuarse en el momento de la entrada, en efectivo (escudos caboverdianos o euros) o con tarjeta (Visa, Mastercard o RedeVinti4). En temporada alta, al hacer &#8230;<\/p>\n","protected":false},"author":1,"featured_media":0,"parent":0,"menu_order":0,"comment_status":"closed","ping_status":"closed","template":"template-wide-content.php","meta":{"cozystay_single_page_hide_site_header":"","cozystay_single_page_site_header_source":"","cozystay_single_page_custom_site_header":"0","cozystay_single_page_custom_sticky_site_header":"0","cozystay_single_page_hide_page_title":"","cozystay_single_page_header_section_size":"","cozystay_single_page_header_background_color":"","cozystay_single_page_header_background_position_x":"center","cozystay_single_page_header_background_position_y":"center","cozystay_single_page_header_background_size":"cover","cozystay_single_page_header_background_repeat":"off","cozystay_single_page_header_background_scroll":"on","cozystay_single_page_header_text_color":"","cozystay_single_page_header_show_breadcrumb":"","cozystay_single_page_site_footer_hide_main":"","cozystay_single_custom_site_footer_main_source":"","cozystay_single_custom_site_footer_main":"0","cozystay_single_page_site_footer_hide_above":"","cozystay_single_custom_site_footer_above_source":"","cozystay_single_custom_site_footer_above":"0","cozystay_single_page_site_footer_hide_instagram":"","cozystay_single_page_site_footer_hide_bottom":"","cozystay_single_custom_mobile_menu_source":"","cozystay_single_custom_mobile_menu":"0","cozystay_single_custom_mobile_menu_animation":"","cozystay_single_custom_mobile_menu_width":"","cozystay_single_custom_mobile_menu_custom_width":375,"footnotes":""},"class_list":["post-6423","page","type-page","status-publish","hentry"],"yoast_head":"<!-- This site is optimized with the Yoast SEO plugin v24.0 - https:\/\/yoast.com\/wordpress\/plugins\/seo\/ -->\n<title>Condiciones de pago - BIA Serviced Apartments - Praia de Santa Maria, Cabo Verde<\/title>\n<meta name=\"robots\" content=\"index, follow, max-snippet:-1, max-image-preview:large, max-video-preview:-1\" \/>\n<link rel=\"canonical\" href=\"https:\/\/biaservicedapartments.com\/es\/condiciones-de-pago\/\" \/>\n<meta property=\"og:locale\" content=\"es_ES\" \/>\n<meta property=\"og:type\" content=\"article\" \/>\n<meta property=\"og:title\" content=\"Condiciones de pago - BIA Serviced Apartments - Praia de Santa Maria, Cabo Verde\" \/>\n<meta property=\"og:description\" content=\"CONDICIONES DE PAGO Para reservas y consultas, ll\u00e1manos o escr\u00edbenos. Condiciones Apartamentos para no fumadores. No se admiten animales. Cancelaciones y condiciones de pago Pago al facturar El pago debe efectuarse en el momento de la entrada, en efectivo (escudos caboverdianos o euros) o con tarjeta (Visa, Mastercard o RedeVinti4). En temporada alta, al hacer ...\" \/>\n<meta property=\"og:url\" content=\"https:\/\/biaservicedapartments.com\/es\/condiciones-de-pago\/\" \/>\n<meta property=\"og:site_name\" content=\"BIA Serviced Apartments - Praia de Santa Maria, Cabo Verde\" \/>\n<meta property=\"article:modified_time\" content=\"2026-01-11T21:49:56+00:00\" \/>\n<meta name=\"twitter:card\" content=\"summary_large_image\" \/>\n<meta name=\"twitter:label1\" content=\"Tiempo de lectura\" \/>\n\t<meta name=\"twitter:data1\" content=\"1 minuto\" \/>\n<script type=\"application\/ld+json\" class=\"yoast-schema-graph\">{\"@context\":\"https:\/\/schema.org\",\"@graph\":[{\"@type\":\"WebPage\",\"@id\":\"https:\/\/biaservicedapartments.com\/es\/condiciones-de-pago\/\",\"url\":\"https:\/\/biaservicedapartments.com\/es\/condiciones-de-pago\/\",\"name\":\"Condiciones de pago - BIA Serviced Apartments - Praia de Santa Maria, Cabo Verde\",\"isPartOf\":{\"@id\":\"https:\/\/biaservicedapartments.com\/es\/#website\"},\"datePublished\":\"2024-12-03T15:45:38+00:00\",\"dateModified\":\"2026-01-11T21:49:56+00:00\",\"breadcrumb\":{\"@id\":\"https:\/\/biaservicedapartments.com\/es\/condiciones-de-pago\/#breadcrumb\"},\"inLanguage\":\"es\",\"potentialAction\":[{\"@type\":\"ReadAction\",\"target\":[\"https:\/\/biaservicedapartments.com\/es\/condiciones-de-pago\/\"]}]},{\"@type\":\"BreadcrumbList\",\"@id\":\"https:\/\/biaservicedapartments.com\/es\/condiciones-de-pago\/#breadcrumb\",\"itemListElement\":[{\"@type\":\"ListItem\",\"position\":1,\"name\":\"Home\",\"item\":\"https:\/\/biaservicedapartments.com\/es\/home\/\"},{\"@type\":\"ListItem\",\"position\":2,\"name\":\"Condiciones de pago\"}]},{\"@type\":\"WebSite\",\"@id\":\"https:\/\/biaservicedapartments.com\/es\/#website\",\"url\":\"https:\/\/biaservicedapartments.com\/es\/\",\"name\":\"BIA Serviced Apartments - Praia de Santa Maria, Cabo Verde\",\"description\":\"BIA Serviced Apartments, has 18 exclusive apartments in Santa Maria, Sal Island \u2013 perfect for those looking for comfort, privacy and proximity to the best beaches in Cabo Verde.\",\"publisher\":{\"@id\":\"https:\/\/biaservicedapartments.com\/es\/#organization\"},\"potentialAction\":[{\"@type\":\"SearchAction\",\"target\":{\"@type\":\"EntryPoint\",\"urlTemplate\":\"https:\/\/biaservicedapartments.com\/es\/?s={search_term_string}\"},\"query-input\":{\"@type\":\"PropertyValueSpecification\",\"valueRequired\":true,\"valueName\":\"search_term_string\"}}],\"inLanguage\":\"es\"},{\"@type\":\"Organization\",\"@id\":\"https:\/\/biaservicedapartments.com\/es\/#organization\",\"name\":\"BIA Serviced Apartments - Praia de Santa Maria, Cabo Verde\",\"url\":\"https:\/\/biaservicedapartments.com\/es\/\",\"logo\":{\"@type\":\"ImageObject\",\"inLanguage\":\"es\",\"@id\":\"https:\/\/biaservicedapartments.com\/es\/#\/schema\/logo\/image\/\",\"url\":\"https:\/\/biaservicedapartments.com\/wp-content\/uploads\/2024\/08\/bia-partments-logo1w.png\",\"contentUrl\":\"https:\/\/biaservicedapartments.com\/wp-content\/uploads\/2024\/08\/bia-partments-logo1w.png\",\"width\":251,\"height\":150,\"caption\":\"BIA Serviced Apartments - Praia de Santa Maria, Cabo Verde\"},\"image\":{\"@id\":\"https:\/\/biaservicedapartments.com\/es\/#\/schema\/logo\/image\/\"}}]}<\/script>\n<!-- \/ Yoast SEO plugin. -->","yoast_head_json":{"title":"Condiciones de pago - BIA Serviced Apartments - Praia de Santa Maria, Cabo Verde","robots":{"index":"index","follow":"follow","max-snippet":"max-snippet:-1","max-image-preview":"max-image-preview:large","max-video-preview":"max-video-preview:-1"},"canonical":"https:\/\/biaservicedapartments.com\/es\/condiciones-de-pago\/","og_locale":"es_ES","og_type":"article","og_title":"Condiciones de pago - BIA Serviced Apartments - Praia de Santa Maria, Cabo Verde","og_description":"CONDICIONES DE PAGO Para reservas y consultas, ll\u00e1manos o escr\u00edbenos. Condiciones Apartamentos para no fumadores. No se admiten animales. Cancelaciones y condiciones de pago Pago al facturar El pago debe efectuarse en el momento de la entrada, en efectivo (escudos caboverdianos o euros) o con tarjeta (Visa, Mastercard o RedeVinti4). En temporada alta, al hacer ...","og_url":"https:\/\/biaservicedapartments.com\/es\/condiciones-de-pago\/","og_site_name":"BIA Serviced Apartments - Praia de Santa Maria, Cabo Verde","article_modified_time":"2026-01-11T21:49:56+00:00","twitter_card":"summary_large_image","twitter_misc":{"Tiempo de lectura":"1 minuto"},"schema":{"@context":"https:\/\/schema.org","@graph":[{"@type":"WebPage","@id":"https:\/\/biaservicedapartments.com\/es\/condiciones-de-pago\/","url":"https:\/\/biaservicedapartments.com\/es\/condiciones-de-pago\/","name":"Condiciones de pago - BIA Serviced Apartments - Praia de Santa Maria, Cabo Verde","isPartOf":{"@id":"https:\/\/biaservicedapartments.com\/es\/#website"},"datePublished":"2024-12-03T15:45:38+00:00","dateModified":"2026-01-11T21:49:56+00:00","breadcrumb":{"@id":"https:\/\/biaservicedapartments.com\/es\/condiciones-de-pago\/#breadcrumb"},"inLanguage":"es","potentialAction":[{"@type":"ReadAction","target":["https:\/\/biaservicedapartments.com\/es\/condiciones-de-pago\/"]}]},{"@type":"BreadcrumbList","@id":"https:\/\/biaservicedapartments.com\/es\/condiciones-de-pago\/#breadcrumb","itemListElement":[{"@type":"ListItem","position":1,"name":"Home","item":"https:\/\/biaservicedapartments.com\/es\/home\/"},{"@type":"ListItem","position":2,"name":"Condiciones de pago"}]},{"@type":"WebSite","@id":"https:\/\/biaservicedapartments.com\/es\/#website","url":"https:\/\/biaservicedapartments.com\/es\/","name":"BIA Serviced Apartments - Praia de Santa Maria, Cabo Verde","description":"BIA Serviced Apartments, has 18 exclusive apartments in Santa Maria, Sal Island \u2013 perfect for those looking for comfort, privacy and proximity to the best beaches in Cabo Verde.","publisher":{"@id":"https:\/\/biaservicedapartments.com\/es\/#organization"},"potentialAction":[{"@type":"SearchAction","target":{"@type":"EntryPoint","urlTemplate":"https:\/\/biaservicedapartments.com\/es\/?s={search_term_string}"},"query-input":{"@type":"PropertyValueSpecification","valueRequired":true,"valueName":"search_term_string"}}],"inLanguage":"es"},{"@type":"Organization","@id":"https:\/\/biaservicedapartments.com\/es\/#organization","name":"BIA Serviced Apartments - Praia de Santa Maria, Cabo Verde","url":"https:\/\/biaservicedapartments.com\/es\/","logo":{"@type":"ImageObject","inLanguage":"es","@id":"https:\/\/biaservicedapartments.com\/es\/#\/schema\/logo\/image\/","url":"https:\/\/biaservicedapartments.com\/wp-content\/uploads\/2024\/08\/bia-partments-logo1w.png","contentUrl":"https:\/\/biaservicedapartments.com\/wp-content\/uploads\/2024\/08\/bia-partments-logo1w.png","width":251,"height":150,"caption":"BIA Serviced Apartments - Praia de Santa Maria, Cabo Verde"},"image":{"@id":"https:\/\/biaservicedapartments.com\/es\/#\/schema\/logo\/image\/"}}]}},"_links":{"self":[{"href":"https:\/\/biaservicedapartments.com\/es\/wp-json\/wp\/v2\/pages\/6423","targetHints":{"allow":["GET"]}}],"collection":[{"href":"https:\/\/biaservicedapartments.com\/es\/wp-json\/wp\/v2\/pages"}],"about":[{"href":"https:\/\/biaservicedapartments.com\/es\/wp-json\/wp\/v2\/types\/page"}],"author":[{"embeddable":true,"href":"https:\/\/biaservicedapartments.com\/es\/wp-json\/wp\/v2\/users\/1"}],"replies":[{"embeddable":true,"href":"https:\/\/biaservicedapartments.com\/es\/wp-json\/wp\/v2\/comments?post=6423"}],"version-history":[{"count":1,"href":"https:\/\/biaservicedapartments.com\/es\/wp-json\/wp\/v2\/pages\/6423\/revisions"}],"predecessor-version":[{"id":6424,"href":"https:\/\/biaservicedapartments.com\/es\/wp-json\/wp\/v2\/pages\/6423\/revisions\/6424"}],"wp:attachment":[{"href":"https:\/\/biaservicedapartments.com\/es\/wp-json\/wp\/v2\/media?parent=6423"}],"curies":[{"name":"wp","href":"https:\/\/api.w.org\/{rel}","templated":true}]}}