{"id":6428,"date":"2024-12-03T15:45:38","date_gmt":"2024-12-03T15:45:38","guid":{"rendered":"https:\/\/biaservicedapartments.com\/zahlungsbedingungen-und-konditionen\/"},"modified":"2026-01-11T21:52:24","modified_gmt":"2026-01-11T21:52:24","slug":"zahlungsbedingungen-und-konditionen","status":"publish","type":"page","link":"https:\/\/biaservicedapartments.com\/de\/zahlungsbedingungen-und-konditionen\/","title":{"rendered":"Zahlungsbedingungen und Konditionen"},"content":{"rendered":"\t\t<div data-elementor-type=\"wp-page\" data-elementor-id=\"6428\" class=\"elementor elementor-6428 elementor-14\">\n\t\t\t\t\t\t<section class=\"elementor-section elementor-top-section elementor-element elementor-element-7cf7dd26 elementor-section-height-min-height cs-section-content-fullwidth cs-parallax-on-scroll cs_scroll_y_80 elementor-section-boxed elementor-section-height-default elementor-section-items-middle\" data-id=\"7cf7dd26\" data-element_type=\"section\" data-settings=\"{&quot;background_background&quot;:&quot;classic&quot;}\" data-cs-parallax-y=\"80\" style=\"background-image: none;\" data-cs-background-image=\"https:\/\/linkcriativo.com.pt\/webdevelop\/bia-apartments\/wp-content\/uploads\/2024\/12\/BIAservicedApts-scaled.jpg\">\n\t\t\t\t\t\t\t<div class=\"elementor-background-overlay\"><\/div>\n\t\t\t\t\t\t\t<div class=\"elementor-container elementor-column-gap-no\">\n\t\t\t\t\t<div class=\"elementor-column elementor-col-100 elementor-top-column elementor-element elementor-element-250b940a dark-color\" data-id=\"250b940a\" data-element_type=\"column\">\n\t\t\t<div class=\"elementor-widget-wrap elementor-element-populated\">\n\t\t\t\t\t\t<div class=\"elementor-element elementor-element-41b4fcab elementor-widget elementor-widget-cs_title\" data-id=\"41b4fcab\" data-element_type=\"widget\" data-widget_type=\"cs_title.default\">\n\t\t\t\t<div class=\"elementor-widget-container\">\n\t\t\t\n        <div class=\"cs-title-wrap text-center\">\t            <h1 class=\"cs-title\">\n\t                ZAHLUNGSBEDINGUNGEN &amp; KONDITIONEN\t            <\/h1>\t            <div class=\"cs-title-text\">\n\t                <p>F\u00fcr Buchungen und Anfragen rufen Sie uns bitte an oder schreiben Sie uns.<\/p>\n\t            <\/div>        <\/div>\t\t<\/div>\n\t\t\t\t<\/div>\n\t\t\t\t\t<\/div>\n\t\t<\/div>\n\t\t\t\t\t<\/div>\n\t\t<\/section>\n\t\t<div class=\"elementor-element elementor-element-376b0382 e-flex e-con-boxed e-con e-parent\" data-id=\"376b0382\" data-element_type=\"container\">\n\t\t\t\t\t<div class=\"e-con-inner\">\n\t\t\t\t<div class=\"elementor-element elementor-element-2e74f1d8 elementor-widget elementor-widget-text-editor\" data-id=\"2e74f1d8\" data-element_type=\"widget\" data-widget_type=\"text-editor.default\">\n\t\t\t\t<div class=\"elementor-widget-container\">\n\t\t\t\t\t\t\t\n<h2 class=\"wp-block-heading\">Bedingungen<\/h2>\n\n<p>Nichtraucher-Apartments. Haustiere nicht erlaubt. <\/p>\n\n<h2>Stornierungen und Zahlungsbedingungen<\/h2>\n\n<p><strong>Bezahlung beim Check-in<\/strong><\/p>\n<p>Die Zahlung ist beim Check-in f\u00e4llig, entweder in bar (kapverdische Escudos oder Euro) oder per Karte (Visa, Mastercard oder RedeVinti4). In der Hochsaison erhalten Sie bei Ihrer Reservierung eine Benachrichtigung \u00fcber eine Vorauszahlung von 30% des Gesamtaufenthalts. Diese Zahlung wird vollst\u00e4ndig zur\u00fcckerstattet, wenn Sie 7 oder mehr Tage vor Ihrer Ankunft stornieren. Wenn Sie 6 oder weniger Tage vor Ihrer Ankunft stornieren oder am Tag des Check-ins nicht erscheinen, wird die Anzahlung nicht zur\u00fcckerstattet.   <\/p>\n\t\t\t\t\t\t<\/div>\n\t\t\t\t<\/div>\n\t\t\t\t<div class=\"elementor-element elementor-element-814b586 elementor-widget elementor-widget-text-editor\" data-id=\"814b586\" data-element_type=\"widget\" data-widget_type=\"text-editor.default\">\n\t\t\t\t<div class=\"elementor-widget-container\">\n\t\t\t\t\t\t\t<p><\/p>\n<h2>Kurtaxe<\/h2>\n<p><\/p>\n<p>Bitte beachten Sie, dass eine von der kapverdischen Regierung festgelegte Touristensteuer in H\u00f6he von 2,50 \u20ac (entspricht 276,00 $ CVE) pro Person und pro Nacht des Aufenthalts erhoben wird. Dieser Betrag wird von der Regierung festgelegt und kann ohne vorherige Ank\u00fcndigung ge\u00e4ndert werden. Die Steuer soll die Bem\u00fchungen um Nachhaltigkeit und Naturschutz unterst\u00fctzen und ist von allen Touristen ab 16 Jahren zu zahlen.  <\/p>\n<p><\/p>\t\t\t\t\t\t<\/div>\n\t\t\t\t<\/div>\n\t\t\t\t\t<\/div>\n\t\t\t\t<\/div>\n\t\t\t\t<\/div>\n\t\t","protected":false},"excerpt":{"rendered":"<p>ZAHLUNGSBEDINGUNGEN &amp; KONDITIONEN F\u00fcr Buchungen und Anfragen rufen Sie uns bitte an oder schreiben Sie uns. Bedingungen Nichtraucher-Apartments. Haustiere nicht erlaubt. Stornierungen und Zahlungsbedingungen Bezahlung beim Check-in Die Zahlung ist beim Check-in f\u00e4llig, entweder in bar (kapverdische Escudos oder Euro) oder per Karte (Visa, Mastercard oder RedeVinti4). In der Hochsaison erhalten Sie bei Ihrer Reservierung &#8230;<\/p>\n","protected":false},"author":1,"featured_media":0,"parent":0,"menu_order":0,"comment_status":"closed","ping_status":"closed","template":"template-wide-content.php","meta":{"cozystay_single_page_hide_site_header":"","cozystay_single_page_site_header_source":"","cozystay_single_page_custom_site_header":"0","cozystay_single_page_custom_sticky_site_header":"0","cozystay_single_page_hide_page_title":"","cozystay_single_page_header_section_size":"","cozystay_single_page_header_background_color":"","cozystay_single_page_header_background_position_x":"center","cozystay_single_page_header_background_position_y":"center","cozystay_single_page_header_background_size":"cover","cozystay_single_page_header_background_repeat":"off","cozystay_single_page_header_background_scroll":"on","cozystay_single_page_header_text_color":"","cozystay_single_page_header_show_breadcrumb":"","cozystay_single_page_site_footer_hide_main":"","cozystay_single_custom_site_footer_main_source":"","cozystay_single_custom_site_footer_main":"0","cozystay_single_page_site_footer_hide_above":"","cozystay_single_custom_site_footer_above_source":"","cozystay_single_custom_site_footer_above":"0","cozystay_single_page_site_footer_hide_instagram":"","cozystay_single_page_site_footer_hide_bottom":"","cozystay_single_custom_mobile_menu_source":"","cozystay_single_custom_mobile_menu":"0","cozystay_single_custom_mobile_menu_animation":"","cozystay_single_custom_mobile_menu_width":"","cozystay_single_custom_mobile_menu_custom_width":375,"footnotes":""},"class_list":["post-6428","page","type-page","status-publish","hentry"],"yoast_head":"<!-- This site is optimized with the Yoast SEO plugin v24.0 - https:\/\/yoast.com\/wordpress\/plugins\/seo\/ -->\n<title>Zahlungsbedingungen und Konditionen - BIA Serviced Apartments - Praia de Santa Maria, Cabo Verde<\/title>\n<meta name=\"robots\" content=\"index, follow, max-snippet:-1, max-image-preview:large, max-video-preview:-1\" \/>\n<link rel=\"canonical\" href=\"https:\/\/biaservicedapartments.com\/de\/zahlungsbedingungen-und-konditionen\/\" \/>\n<meta property=\"og:locale\" content=\"de_DE\" \/>\n<meta property=\"og:type\" content=\"article\" \/>\n<meta property=\"og:title\" content=\"Zahlungsbedingungen und Konditionen - BIA Serviced Apartments - Praia de Santa Maria, Cabo Verde\" \/>\n<meta property=\"og:description\" content=\"ZAHLUNGSBEDINGUNGEN &amp; KONDITIONEN F\u00fcr Buchungen und Anfragen rufen Sie uns bitte an oder schreiben Sie uns. Bedingungen Nichtraucher-Apartments. Haustiere nicht erlaubt. Stornierungen und Zahlungsbedingungen Bezahlung beim Check-in Die Zahlung ist beim Check-in f\u00e4llig, entweder in bar (kapverdische Escudos oder Euro) oder per Karte (Visa, Mastercard oder RedeVinti4). In der Hochsaison erhalten Sie bei Ihrer Reservierung ...\" \/>\n<meta property=\"og:url\" content=\"https:\/\/biaservicedapartments.com\/de\/zahlungsbedingungen-und-konditionen\/\" \/>\n<meta property=\"og:site_name\" content=\"BIA Serviced Apartments - Praia de Santa Maria, Cabo Verde\" \/>\n<meta property=\"article:modified_time\" content=\"2026-01-11T21:52:24+00:00\" \/>\n<meta name=\"twitter:card\" content=\"summary_large_image\" \/>\n<meta name=\"twitter:label1\" content=\"Gesch\u00e4tzte Lesezeit\" \/>\n\t<meta name=\"twitter:data1\" content=\"1\u00a0Minute\" \/>\n<script type=\"application\/ld+json\" class=\"yoast-schema-graph\">{\"@context\":\"https:\/\/schema.org\",\"@graph\":[{\"@type\":\"WebPage\",\"@id\":\"https:\/\/biaservicedapartments.com\/de\/zahlungsbedingungen-und-konditionen\/\",\"url\":\"https:\/\/biaservicedapartments.com\/de\/zahlungsbedingungen-und-konditionen\/\",\"name\":\"Zahlungsbedingungen und Konditionen - BIA Serviced Apartments - Praia de Santa Maria, Cabo Verde\",\"isPartOf\":{\"@id\":\"https:\/\/biaservicedapartments.com\/de\/#website\"},\"datePublished\":\"2024-12-03T15:45:38+00:00\",\"dateModified\":\"2026-01-11T21:52:24+00:00\",\"breadcrumb\":{\"@id\":\"https:\/\/biaservicedapartments.com\/de\/zahlungsbedingungen-und-konditionen\/#breadcrumb\"},\"inLanguage\":\"de\",\"potentialAction\":[{\"@type\":\"ReadAction\",\"target\":[\"https:\/\/biaservicedapartments.com\/de\/zahlungsbedingungen-und-konditionen\/\"]}]},{\"@type\":\"BreadcrumbList\",\"@id\":\"https:\/\/biaservicedapartments.com\/de\/zahlungsbedingungen-und-konditionen\/#breadcrumb\",\"itemListElement\":[{\"@type\":\"ListItem\",\"position\":1,\"name\":\"Home\",\"item\":\"https:\/\/biaservicedapartments.com\/de\/startseite\/\"},{\"@type\":\"ListItem\",\"position\":2,\"name\":\"Zahlungsbedingungen und Konditionen\"}]},{\"@type\":\"WebSite\",\"@id\":\"https:\/\/biaservicedapartments.com\/de\/#website\",\"url\":\"https:\/\/biaservicedapartments.com\/de\/\",\"name\":\"BIA Serviced Apartments - Praia de Santa Maria, Cabo Verde\",\"description\":\"BIA Serviced Apartments, has 18 exclusive apartments in Santa Maria, Sal Island \u2013 perfect for those looking for comfort, privacy and proximity to the best beaches in Cabo Verde.\",\"publisher\":{\"@id\":\"https:\/\/biaservicedapartments.com\/de\/#organization\"},\"potentialAction\":[{\"@type\":\"SearchAction\",\"target\":{\"@type\":\"EntryPoint\",\"urlTemplate\":\"https:\/\/biaservicedapartments.com\/de\/?s={search_term_string}\"},\"query-input\":{\"@type\":\"PropertyValueSpecification\",\"valueRequired\":true,\"valueName\":\"search_term_string\"}}],\"inLanguage\":\"de\"},{\"@type\":\"Organization\",\"@id\":\"https:\/\/biaservicedapartments.com\/de\/#organization\",\"name\":\"BIA Serviced Apartments - Praia de Santa Maria, Cabo Verde\",\"url\":\"https:\/\/biaservicedapartments.com\/de\/\",\"logo\":{\"@type\":\"ImageObject\",\"inLanguage\":\"de\",\"@id\":\"https:\/\/biaservicedapartments.com\/de\/#\/schema\/logo\/image\/\",\"url\":\"https:\/\/biaservicedapartments.com\/wp-content\/uploads\/2024\/08\/bia-partments-logo1w.png\",\"contentUrl\":\"https:\/\/biaservicedapartments.com\/wp-content\/uploads\/2024\/08\/bia-partments-logo1w.png\",\"width\":251,\"height\":150,\"caption\":\"BIA Serviced Apartments - Praia de Santa Maria, Cabo Verde\"},\"image\":{\"@id\":\"https:\/\/biaservicedapartments.com\/de\/#\/schema\/logo\/image\/\"}}]}<\/script>\n<!-- \/ Yoast SEO plugin. -->","yoast_head_json":{"title":"Zahlungsbedingungen und Konditionen - BIA Serviced Apartments - Praia de Santa Maria, Cabo Verde","robots":{"index":"index","follow":"follow","max-snippet":"max-snippet:-1","max-image-preview":"max-image-preview:large","max-video-preview":"max-video-preview:-1"},"canonical":"https:\/\/biaservicedapartments.com\/de\/zahlungsbedingungen-und-konditionen\/","og_locale":"de_DE","og_type":"article","og_title":"Zahlungsbedingungen und Konditionen - BIA Serviced Apartments - Praia de Santa Maria, Cabo Verde","og_description":"ZAHLUNGSBEDINGUNGEN &amp; KONDITIONEN F\u00fcr Buchungen und Anfragen rufen Sie uns bitte an oder schreiben Sie uns. Bedingungen Nichtraucher-Apartments. Haustiere nicht erlaubt. Stornierungen und Zahlungsbedingungen Bezahlung beim Check-in Die Zahlung ist beim Check-in f\u00e4llig, entweder in bar (kapverdische Escudos oder Euro) oder per Karte (Visa, Mastercard oder RedeVinti4). In der Hochsaison erhalten Sie bei Ihrer Reservierung ...","og_url":"https:\/\/biaservicedapartments.com\/de\/zahlungsbedingungen-und-konditionen\/","og_site_name":"BIA Serviced Apartments - Praia de Santa Maria, Cabo Verde","article_modified_time":"2026-01-11T21:52:24+00:00","twitter_card":"summary_large_image","twitter_misc":{"Gesch\u00e4tzte Lesezeit":"1\u00a0Minute"},"schema":{"@context":"https:\/\/schema.org","@graph":[{"@type":"WebPage","@id":"https:\/\/biaservicedapartments.com\/de\/zahlungsbedingungen-und-konditionen\/","url":"https:\/\/biaservicedapartments.com\/de\/zahlungsbedingungen-und-konditionen\/","name":"Zahlungsbedingungen und Konditionen - BIA Serviced Apartments - Praia de Santa Maria, Cabo Verde","isPartOf":{"@id":"https:\/\/biaservicedapartments.com\/de\/#website"},"datePublished":"2024-12-03T15:45:38+00:00","dateModified":"2026-01-11T21:52:24+00:00","breadcrumb":{"@id":"https:\/\/biaservicedapartments.com\/de\/zahlungsbedingungen-und-konditionen\/#breadcrumb"},"inLanguage":"de","potentialAction":[{"@type":"ReadAction","target":["https:\/\/biaservicedapartments.com\/de\/zahlungsbedingungen-und-konditionen\/"]}]},{"@type":"BreadcrumbList","@id":"https:\/\/biaservicedapartments.com\/de\/zahlungsbedingungen-und-konditionen\/#breadcrumb","itemListElement":[{"@type":"ListItem","position":1,"name":"Home","item":"https:\/\/biaservicedapartments.com\/de\/startseite\/"},{"@type":"ListItem","position":2,"name":"Zahlungsbedingungen und Konditionen"}]},{"@type":"WebSite","@id":"https:\/\/biaservicedapartments.com\/de\/#website","url":"https:\/\/biaservicedapartments.com\/de\/","name":"BIA Serviced Apartments - Praia de Santa Maria, Cabo Verde","description":"BIA Serviced Apartments, has 18 exclusive apartments in Santa Maria, Sal Island \u2013 perfect for those looking for comfort, privacy and proximity to the best beaches in Cabo Verde.","publisher":{"@id":"https:\/\/biaservicedapartments.com\/de\/#organization"},"potentialAction":[{"@type":"SearchAction","target":{"@type":"EntryPoint","urlTemplate":"https:\/\/biaservicedapartments.com\/de\/?s={search_term_string}"},"query-input":{"@type":"PropertyValueSpecification","valueRequired":true,"valueName":"search_term_string"}}],"inLanguage":"de"},{"@type":"Organization","@id":"https:\/\/biaservicedapartments.com\/de\/#organization","name":"BIA Serviced Apartments - Praia de Santa Maria, Cabo Verde","url":"https:\/\/biaservicedapartments.com\/de\/","logo":{"@type":"ImageObject","inLanguage":"de","@id":"https:\/\/biaservicedapartments.com\/de\/#\/schema\/logo\/image\/","url":"https:\/\/biaservicedapartments.com\/wp-content\/uploads\/2024\/08\/bia-partments-logo1w.png","contentUrl":"https:\/\/biaservicedapartments.com\/wp-content\/uploads\/2024\/08\/bia-partments-logo1w.png","width":251,"height":150,"caption":"BIA Serviced Apartments - Praia de Santa Maria, Cabo Verde"},"image":{"@id":"https:\/\/biaservicedapartments.com\/de\/#\/schema\/logo\/image\/"}}]}},"_links":{"self":[{"href":"https:\/\/biaservicedapartments.com\/de\/wp-json\/wp\/v2\/pages\/6428","targetHints":{"allow":["GET"]}}],"collection":[{"href":"https:\/\/biaservicedapartments.com\/de\/wp-json\/wp\/v2\/pages"}],"about":[{"href":"https:\/\/biaservicedapartments.com\/de\/wp-json\/wp\/v2\/types\/page"}],"author":[{"embeddable":true,"href":"https:\/\/biaservicedapartments.com\/de\/wp-json\/wp\/v2\/users\/1"}],"replies":[{"embeddable":true,"href":"https:\/\/biaservicedapartments.com\/de\/wp-json\/wp\/v2\/comments?post=6428"}],"version-history":[{"count":1,"href":"https:\/\/biaservicedapartments.com\/de\/wp-json\/wp\/v2\/pages\/6428\/revisions"}],"predecessor-version":[{"id":6429,"href":"https:\/\/biaservicedapartments.com\/de\/wp-json\/wp\/v2\/pages\/6428\/revisions\/6429"}],"wp:attachment":[{"href":"https:\/\/biaservicedapartments.com\/de\/wp-json\/wp\/v2\/media?parent=6428"}],"curies":[{"name":"wp","href":"https:\/\/api.w.org\/{rel}","templated":true}]}}